{"id":146,"date":"2023-10-14T22:45:50","date_gmt":"2023-10-14T20:45:50","guid":{"rendered":"https:\/\/www.e-slow.com\/?page_id=146"},"modified":"2024-03-27T09:49:47","modified_gmt":"2024-03-27T08:49:47","slug":"oggi","status":"publish","type":"page","link":"https:\/\/www.e-slow.com\/index.php\/oggi\/","title":{"rendered":"Oggi"},"content":{"rendered":"\n<hr class=\"wp-block-separator has-alpha-channel-opacity is-style-wide\"\/>\n\n\n\n<div style=\"height:50px\" aria-hidden=\"true\" class=\"wp-block-spacer\"><\/div>\n\n\n\n<div class=\"wp-block-media-text has-media-on-the-right is-stacked-on-mobile\"><div class=\"wp-block-media-text__content\">\n<h2 class=\"wp-block-heading has-sitetext-color has-text-color has-normal-font-size\">LA NOSTRA VISIONE OGGI<br><strong>Interesse turistico :<\/strong><\/h2>\n\n\n\n<p>Per rendere il progetto pi\u00f9 attraente a un&#8217;ampia variet\u00e0 di visitatori delle aree montane, riteniamo essenziale, secondo la nostra visione, collegare le attivit\u00e0 commerciali locali in rete. Ci\u00f2 aumenter\u00e0 la visibilit\u00e0 delle eccellenze prodotte o vendute localmente e permetter\u00e0 di creare itinerari turistici diversificati che rispondano a una vasta gamma di interessi, inclusi quelli non direttamente collegati all&#8217;itinerario principale. Un elemento cruciale per il successo di questo obiettivo \u00e8 l&#8217;introduzione di un sistema e-slow, che si riveler\u00e0 subito estremamente utile per promuovere e interconnettere le attivit\u00e0 locali. Questa tecnologia all&#8217;avanguardia offre ai visitatori la possibilit\u00e0 di scoprire e partecipare a un&#8217;ampia gamma di esperienze autentiche, favorendo la scoperta delle tradizioni locali, la degustazione della cucina tipica e l&#8217;immersione nella cultura delle comunit\u00e0 montane.<\/p>\n<\/div><figure class=\"wp-block-media-text__media\"><img loading=\"lazy\" decoding=\"async\" width=\"1024\" height=\"576\" src=\"https:\/\/www.e-slow.com\/wp-content\/uploads\/2023\/10\/PER_TESTI8-1-1024x576.gif\" alt=\"\" class=\"wp-image-208 size-full\" srcset=\"https:\/\/www.e-slow.com\/wp-content\/uploads\/2023\/10\/PER_TESTI8-1-1024x576.gif 1024w, https:\/\/www.e-slow.com\/wp-content\/uploads\/2023\/10\/PER_TESTI8-1-300x169.gif 300w, https:\/\/www.e-slow.com\/wp-content\/uploads\/2023\/10\/PER_TESTI8-1-768x432.gif 768w, https:\/\/www.e-slow.com\/wp-content\/uploads\/2023\/10\/PER_TESTI8-1-1536x864.gif 1536w, https:\/\/www.e-slow.com\/wp-content\/uploads\/2023\/10\/PER_TESTI8-1-389x219.gif 389w\" sizes=\"auto, (max-width: 1024px) 100vw, 1024px\" \/><\/figure><\/div>\n\n\n\n<div style=\"height:50px\" aria-hidden=\"true\" class=\"wp-block-spacer\"><\/div>\n\n\n\n<hr class=\"wp-block-separator has-alpha-channel-opacity is-style-wide\"\/>\n\n\n\n<div class=\"wp-block-media-text is-stacked-on-mobile\"><figure class=\"wp-block-media-text__media\"><img loading=\"lazy\" decoding=\"async\" width=\"1920\" height=\"1080\" src=\"https:\/\/www.e-slow.com\/wp-content\/uploads\/2023\/10\/PER_TESTI1.gif\" alt=\"\" class=\"wp-image-147 size-full\"\/><\/figure><div class=\"wp-block-media-text__content\">\n<h2 class=\"wp-block-heading has-normal-font-size\"><strong>Adozione di auto elettriche<\/strong><\/h2>\n\n\n\n<p>Se l&#8217;energia utilizzata per la ricarica delle auto elettriche non proviene da fonti rinnovabili, potrebbe esserci una contraddizione tra la mobilit\u00e0 sostenibile e l&#8217;uso di energia non sostenibile.<br>Promuovere &#8220;e-slow&#8221; come un&#8217;opportunit\u00e0 unica per i visitatori di esplorare i comuni montani in modo sostenibile, il servizio pu\u00f2 essere abbinato alle iniziative locali&nbsp; e sar\u00e0 un modo efficace per promuovere sia&nbsp; <br>e-slow che il territorio<\/p>\n<\/div><\/div>\n\n\n\n<div style=\"height:50px\" aria-hidden=\"true\" class=\"wp-block-spacer\"><\/div>\n\n\n\n<hr class=\"wp-block-separator has-alpha-channel-opacity is-style-wide\"\/>\n\n\n\n<div class=\"wp-block-media-text has-media-on-the-right is-stacked-on-mobile\"><div class=\"wp-block-media-text__content\">\n<h2 class=\"wp-block-heading has-normal-font-size\"><strong>Accessibilit\u00e0:<\/strong><\/h2>\n\n\n\n<p>Le colonnine di ricarica elettrica devono essere posizionate in luoghi accessibili e facilmente raggiungibili, ma potrebbe esserci una mancanza di infrastrutture adatte in alcune zone montane.<br>Lavorare in collaborazione con le autorit\u00e0 locali per identificare posizioni ottimali per le colonnine di ricarica, rendendole facilmente raggiungibili e fornendo una mappa dettagliata dell&#8217;infrastruttura.<\/p>\n<\/div><figure class=\"wp-block-media-text__media\"><img loading=\"lazy\" decoding=\"async\" width=\"1024\" height=\"576\" src=\"https:\/\/www.e-slow.com\/wp-content\/uploads\/2023\/10\/PER_TESTI2-1024x576.gif\" alt=\"\" class=\"wp-image-154 size-full\" srcset=\"https:\/\/www.e-slow.com\/wp-content\/uploads\/2023\/10\/PER_TESTI2-1024x576.gif 1024w, https:\/\/www.e-slow.com\/wp-content\/uploads\/2023\/10\/PER_TESTI2-300x169.gif 300w, https:\/\/www.e-slow.com\/wp-content\/uploads\/2023\/10\/PER_TESTI2-768x432.gif 768w, https:\/\/www.e-slow.com\/wp-content\/uploads\/2023\/10\/PER_TESTI2-1536x864.gif 1536w, https:\/\/www.e-slow.com\/wp-content\/uploads\/2023\/10\/PER_TESTI2-389x219.gif 389w\" sizes=\"auto, (max-width: 1024px) 100vw, 1024px\" \/><\/figure><\/div>\n\n\n\n<div style=\"height:50px\" aria-hidden=\"true\" class=\"wp-block-spacer\"><\/div>\n\n\n\n<hr class=\"wp-block-separator has-alpha-channel-opacity is-style-wide\"\/>\n\n\n\n<div class=\"wp-block-media-text is-stacked-on-mobile\"><figure class=\"wp-block-media-text__media\"><img loading=\"lazy\" decoding=\"async\" width=\"1024\" height=\"576\" src=\"https:\/\/www.e-slow.com\/wp-content\/uploads\/2023\/10\/PER_TESTI3-1-1024x576.gif\" alt=\"\" class=\"wp-image-159 size-full\" srcset=\"https:\/\/www.e-slow.com\/wp-content\/uploads\/2023\/10\/PER_TESTI3-1-1024x576.gif 1024w, https:\/\/www.e-slow.com\/wp-content\/uploads\/2023\/10\/PER_TESTI3-1-300x169.gif 300w, https:\/\/www.e-slow.com\/wp-content\/uploads\/2023\/10\/PER_TESTI3-1-768x432.gif 768w, https:\/\/www.e-slow.com\/wp-content\/uploads\/2023\/10\/PER_TESTI3-1-1536x864.gif 1536w, https:\/\/www.e-slow.com\/wp-content\/uploads\/2023\/10\/PER_TESTI3-1-389x219.gif 389w\" sizes=\"auto, (max-width: 1024px) 100vw, 1024px\" \/><\/figure><div class=\"wp-block-media-text__content\">\n<h2 class=\"wp-block-heading has-normal-font-size\">Copertura Internet e dati:<\/h2>\n\n\n\n<p>Per fornire itinerari turistici e informazioni in tempo reale, \u00e8 necessaria una connessione Internet affidabile, che potrebbe non essere garantita in tutte le zone montane.<br>Investire in soluzioni tecnologiche robuste, come la memorizzazione temporanea dei dati offline, per garantire che i turisti possano accedere alle informazioni anche in zone con connessioni internet limitate.<\/p>\n<\/div><\/div>\n\n\n\n<div style=\"height:50px\" aria-hidden=\"true\" class=\"wp-block-spacer\"><\/div>\n\n\n\n<hr class=\"wp-block-separator has-alpha-channel-opacity is-style-wide\"\/>\n\n\n\n<div class=\"wp-block-media-text has-media-on-the-right is-stacked-on-mobile\"><div class=\"wp-block-media-text__content\">\n<h2 class=\"wp-block-heading has-normal-font-size\"><strong>Sostenibilit\u00e0 ambientale:<\/strong><\/h2>\n\n\n\n<p>Se l&#8217;energia utilizzata per la ricarica delle auto elettriche non proviene da fonti rinnovabili, potrebbe esserci una contraddizione tra la mobilit\u00e0 sostenibile e l&#8217;uso di energia non sostenibile.<br>Promuovere la produzione locale di energia rinnovabile per alimentare le colonnine di ricarica e sottolineare l&#8217;impegno a promuovere la mobilit\u00e0 sostenibile.<\/p>\n<\/div><figure class=\"wp-block-media-text__media\"><img loading=\"lazy\" decoding=\"async\" width=\"1024\" height=\"576\" src=\"https:\/\/www.e-slow.com\/wp-content\/uploads\/2023\/10\/PER_TESTI4-1024x576.gif\" alt=\"\" class=\"wp-image-179 size-full\" srcset=\"https:\/\/www.e-slow.com\/wp-content\/uploads\/2023\/10\/PER_TESTI4-1024x576.gif 1024w, https:\/\/www.e-slow.com\/wp-content\/uploads\/2023\/10\/PER_TESTI4-300x169.gif 300w, https:\/\/www.e-slow.com\/wp-content\/uploads\/2023\/10\/PER_TESTI4-768x432.gif 768w, https:\/\/www.e-slow.com\/wp-content\/uploads\/2023\/10\/PER_TESTI4-1536x864.gif 1536w, https:\/\/www.e-slow.com\/wp-content\/uploads\/2023\/10\/PER_TESTI4-389x219.gif 389w\" sizes=\"auto, (max-width: 1024px) 100vw, 1024px\" \/><\/figure><\/div>\n\n\n\n<div style=\"height:50px\" aria-hidden=\"true\" class=\"wp-block-spacer\"><\/div>\n\n\n\n<hr class=\"wp-block-separator has-alpha-channel-opacity is-style-wide\"\/>\n\n\n\n<div class=\"wp-block-media-text is-stacked-on-mobile\"><figure class=\"wp-block-media-text__media\"><img loading=\"lazy\" decoding=\"async\" width=\"1024\" height=\"576\" src=\"https:\/\/www.e-slow.com\/wp-content\/uploads\/2023\/10\/PER_TESTI7-1024x576.gif\" alt=\"\" class=\"wp-image-187 size-full\" srcset=\"https:\/\/www.e-slow.com\/wp-content\/uploads\/2023\/10\/PER_TESTI7-1024x576.gif 1024w, https:\/\/www.e-slow.com\/wp-content\/uploads\/2023\/10\/PER_TESTI7-300x169.gif 300w, https:\/\/www.e-slow.com\/wp-content\/uploads\/2023\/10\/PER_TESTI7-768x432.gif 768w, https:\/\/www.e-slow.com\/wp-content\/uploads\/2023\/10\/PER_TESTI7-1536x864.gif 1536w, https:\/\/www.e-slow.com\/wp-content\/uploads\/2023\/10\/PER_TESTI7-389x219.gif 389w\" sizes=\"auto, (max-width: 1024px) 100vw, 1024px\" \/><\/figure><div class=\"wp-block-media-text__content\">\n<h2 class=\"wp-block-heading has-normal-font-size\"><strong>Risorse locali:<\/strong><\/h2>\n\n\n\n<p>L&#8217;attrazione di turisti nelle zone montane potrebbe aumentare il carico di lavoro per le piccole attivit\u00e0 locali, come bar e ristoranti, senza garantire un aumento significativo dei profitti.<br>Collaborare con bar e ristoranti locali per sviluppare offerte speciali per i turisti che utilizzano &#8220;e-slow,&#8221; contribuendo cos\u00ec a distribuire l&#8217;afflusso di clienti in modo pi\u00f9 uniforme.<\/p>\n<\/div><\/div>\n\n\n\n<div style=\"height:50px\" aria-hidden=\"true\" class=\"wp-block-spacer\"><\/div>\n\n\n\n<hr class=\"wp-block-separator has-alpha-channel-opacity is-style-wide\"\/>\n\n\n\n<div class=\"wp-block-media-text has-media-on-the-right is-stacked-on-mobile\"><div class=\"wp-block-media-text__content\">\n<h2 class=\"wp-block-heading has-normal-font-size\">Concorrenza:<\/h2>\n\n\n\n<p>Il mercato delle applicazioni e dei servizi turistici \u00e8 molto competitivo, e il successo del progetto potrebbe richiedere un forte impegno nella promozione e nel marketing.<br>Differenziare &#8220;e-slow&#8221; offrendo esperienze autentiche e approfondite della cultura locale, mettendo in evidenza le storie e le tradizioni uniche della zona.<\/p>\n<\/div><figure class=\"wp-block-media-text__media\"><img loading=\"lazy\" decoding=\"async\" width=\"1024\" height=\"576\" src=\"https:\/\/www.e-slow.com\/wp-content\/uploads\/2023\/10\/PER_TESTI8-1024x576.gif\" alt=\"\" class=\"wp-image-191 size-full\" srcset=\"https:\/\/www.e-slow.com\/wp-content\/uploads\/2023\/10\/PER_TESTI8-1024x576.gif 1024w, https:\/\/www.e-slow.com\/wp-content\/uploads\/2023\/10\/PER_TESTI8-300x169.gif 300w, https:\/\/www.e-slow.com\/wp-content\/uploads\/2023\/10\/PER_TESTI8-768x432.gif 768w, https:\/\/www.e-slow.com\/wp-content\/uploads\/2023\/10\/PER_TESTI8-1536x864.gif 1536w, https:\/\/www.e-slow.com\/wp-content\/uploads\/2023\/10\/PER_TESTI8-389x219.gif 389w\" sizes=\"auto, (max-width: 1024px) 100vw, 1024px\" \/><\/figure><\/div>\n\n\n\n<div style=\"height:50px\" aria-hidden=\"true\" class=\"wp-block-spacer\"><\/div>\n\n\n\n<hr class=\"wp-block-separator has-alpha-channel-opacity is-style-wide\"\/>\n\n\n\n<div class=\"wp-block-media-text is-stacked-on-mobile\"><figure class=\"wp-block-media-text__media\"><img loading=\"lazy\" decoding=\"async\" width=\"1024\" height=\"576\" src=\"https:\/\/www.e-slow.com\/wp-content\/uploads\/2023\/10\/1PAGE-2-1024x576.gif\" alt=\"\" class=\"wp-image-195 size-full\" srcset=\"https:\/\/www.e-slow.com\/wp-content\/uploads\/2023\/10\/1PAGE-2-1024x576.gif 1024w, https:\/\/www.e-slow.com\/wp-content\/uploads\/2023\/10\/1PAGE-2-300x169.gif 300w, https:\/\/www.e-slow.com\/wp-content\/uploads\/2023\/10\/1PAGE-2-768x432.gif 768w, https:\/\/www.e-slow.com\/wp-content\/uploads\/2023\/10\/1PAGE-2-1536x864.gif 1536w, https:\/\/www.e-slow.com\/wp-content\/uploads\/2023\/10\/1PAGE-2-389x219.gif 389w\" sizes=\"auto, (max-width: 1024px) 100vw, 1024px\" \/><\/figure><div class=\"wp-block-media-text__content\">\n<h2 class=\"wp-block-heading has-normal-font-size\"><strong>Privacy e sicurezza dei dati:<\/strong><\/h2>\n\n\n\n<p>La raccolta di dati personali dei turisti potrebbe sollevare preoccupazioni sulla privacy e sulla sicurezza delle informazioni.<br>Implementare rigorose politiche di gestione dei dati e garantire la sicurezza delle informazioni dei turisti.&nbsp;<\/p>\n<\/div><\/div>\n\n\n\n<div style=\"height:50px\" aria-hidden=\"true\" class=\"wp-block-spacer\"><\/div>\n\n\n\n<hr class=\"wp-block-separator has-alpha-channel-opacity is-style-wide\"\/>\n\n\n\n<div class=\"wp-block-media-text has-media-on-the-right is-stacked-on-mobile\"><div class=\"wp-block-media-text__content\">\n<h2 class=\"wp-block-heading has-normal-font-size\"><strong>Vincoli normativi:<\/strong><\/h2>\n\n\n\n<p>Potrebbero esistere regolamenti locali o nazionali che limitano o regolamentano l&#8217;installazione di colonnine di ricarica e l&#8217;erogazione di servizi turistici.<br>Lavorare in collaborazione con le autorit\u00e0 locali per comprendere e rispettare tutte le normative vigenti e, se necessario, promuovere l&#8217;adozione di nuove politiche per supportare il progetto.<\/p>\n<\/div><figure class=\"wp-block-media-text__media\"><img loading=\"lazy\" decoding=\"async\" width=\"1920\" height=\"1080\" src=\"https:\/\/www.e-slow.com\/wp-content\/uploads\/2023\/10\/2PAGE-1.gif\" alt=\"\" class=\"wp-image-198 size-full\"\/><\/figure><\/div>\n\n\n\n<div style=\"height:50px\" aria-hidden=\"true\" class=\"wp-block-spacer\"><\/div>\n\n\n\n<hr class=\"wp-block-separator has-alpha-channel-opacity is-style-wide\"\/>\n\n\n\n<div class=\"wp-block-media-text is-stacked-on-mobile\"><figure class=\"wp-block-media-text__media\"><img loading=\"lazy\" decoding=\"async\" width=\"1024\" height=\"576\" src=\"https:\/\/www.e-slow.com\/wp-content\/uploads\/2023\/10\/5PAGE-2-1024x576.gif\" alt=\"\" class=\"wp-image-215 size-full\" srcset=\"https:\/\/www.e-slow.com\/wp-content\/uploads\/2023\/10\/5PAGE-2-1024x576.gif 1024w, https:\/\/www.e-slow.com\/wp-content\/uploads\/2023\/10\/5PAGE-2-300x169.gif 300w, https:\/\/www.e-slow.com\/wp-content\/uploads\/2023\/10\/5PAGE-2-768x432.gif 768w, https:\/\/www.e-slow.com\/wp-content\/uploads\/2023\/10\/5PAGE-2-1536x864.gif 1536w, https:\/\/www.e-slow.com\/wp-content\/uploads\/2023\/10\/5PAGE-2-389x219.gif 389w\" sizes=\"auto, (max-width: 1024px) 100vw, 1024px\" \/><\/figure><div class=\"wp-block-media-text__content\">\n<h2 class=\"wp-block-heading has-normal-font-size\"><strong>Stagionalit\u00e0:<\/strong><\/h2>\n\n\n\n<p>Le zone montane spesso affrontano problemi legati alla stagionalit\u00e0 del turismo, con periodi di alta affluenza seguiti da cali significativi, il che potrebbe rendere difficile la sostenibilit\u00e0 economica del progetto.<br>Creare eventi o promozioni speciali durante i periodi di bassa affluenza per incentivare i visitatori in tutto l&#8217;anno.<\/p>\n<\/div><\/div>\n\n\n\n<div style=\"height:50px\" aria-hidden=\"true\" class=\"wp-block-spacer\"><\/div>\n\n\n\n<hr class=\"wp-block-separator has-alpha-channel-opacity is-style-wide\"\/>\n\n\n\n<div class=\"wp-block-media-text has-media-on-the-right is-stacked-on-mobile\"><div class=\"wp-block-media-text__content\">\n<h2 class=\"wp-block-heading has-normal-font-size\"><strong>Conoscenza locale:<\/strong><\/h2>\n\n\n\n<p>Per fornire itinerari turistici di qualit\u00e0 e informazioni precise sui punti di interesse, potrebbe essere necessario un coinvolgimento attivo delle comunit\u00e0 locali, il che potrebbe essere complicato da realizzare in alcune aree.<br>Coinvolgere attivamente le comunit\u00e0 locali nella progettazione di itinerari turistici e nella promozione del territorio, contribuendo a creare un senso di appartenenza tra i residenti e i visitatori.<\/p>\n<\/div><figure class=\"wp-block-media-text__media\"><img loading=\"lazy\" decoding=\"async\" width=\"1024\" height=\"576\" src=\"https:\/\/www.e-slow.com\/wp-content\/uploads\/2023\/10\/2PAGE-2-1024x576.gif\" alt=\"\" class=\"wp-image-219 size-full\" srcset=\"https:\/\/www.e-slow.com\/wp-content\/uploads\/2023\/10\/2PAGE-2-1024x576.gif 1024w, https:\/\/www.e-slow.com\/wp-content\/uploads\/2023\/10\/2PAGE-2-300x169.gif 300w, https:\/\/www.e-slow.com\/wp-content\/uploads\/2023\/10\/2PAGE-2-768x432.gif 768w, https:\/\/www.e-slow.com\/wp-content\/uploads\/2023\/10\/2PAGE-2-1536x864.gif 1536w, https:\/\/www.e-slow.com\/wp-content\/uploads\/2023\/10\/2PAGE-2-389x219.gif 389w\" sizes=\"auto, (max-width: 1024px) 100vw, 1024px\" \/><\/figure><\/div>\n\n\n\n<div style=\"height:50px\" aria-hidden=\"true\" class=\"wp-block-spacer\"><\/div>\n\n\n\n<hr class=\"wp-block-separator has-alpha-channel-opacity is-style-wide\"\/>\n\n\n\n<figure class=\"wp-block-image size-full is-style-default\"><img decoding=\"async\" src=\"https:\/\/www.e-slow.com\/wp-content\/uploads\/2024\/03\/Senza-titolo-1.jpg\" alt=\"\" class=\"wp-image-339\"\/><\/figure>\n","protected":false},"excerpt":{"rendered":"<p>LA NOSTRA VISIONE OGGIInteresse turistico : Per rendere il progetto pi\u00f9 attraente a un&#8217;ampia variet\u00e0 di visitatori delle aree montane, riteniamo essenziale, secondo la nostra &hellip;<\/p>\n","protected":false},"author":1,"featured_media":0,"parent":0,"menu_order":0,"comment_status":"closed","ping_status":"closed","template":"","meta":{"footnotes":""},"class_list":["post-146","page","type-page","status-publish","hentry"],"_links":{"self":[{"href":"https:\/\/www.e-slow.com\/index.php\/wp-json\/wp\/v2\/pages\/146","targetHints":{"allow":["GET"]}}],"collection":[{"href":"https:\/\/www.e-slow.com\/index.php\/wp-json\/wp\/v2\/pages"}],"about":[{"href":"https:\/\/www.e-slow.com\/index.php\/wp-json\/wp\/v2\/types\/page"}],"author":[{"embeddable":true,"href":"https:\/\/www.e-slow.com\/index.php\/wp-json\/wp\/v2\/users\/1"}],"replies":[{"embeddable":true,"href":"https:\/\/www.e-slow.com\/index.php\/wp-json\/wp\/v2\/comments?post=146"}],"version-history":[{"count":49,"href":"https:\/\/www.e-slow.com\/index.php\/wp-json\/wp\/v2\/pages\/146\/revisions"}],"predecessor-version":[{"id":344,"href":"https:\/\/www.e-slow.com\/index.php\/wp-json\/wp\/v2\/pages\/146\/revisions\/344"}],"wp:attachment":[{"href":"https:\/\/www.e-slow.com\/index.php\/wp-json\/wp\/v2\/media?parent=146"}],"curies":[{"name":"wp","href":"https:\/\/api.w.org\/{rel}","templated":true}]}}